{"id":324,"date":"2021-09-14T07:24:18","date_gmt":"2021-09-14T07:24:18","guid":{"rendered":"https:\/\/vitatips.de\/?page_id=324"},"modified":"2021-11-04T07:17:38","modified_gmt":"2021-11-04T08:17:38","slug":"naturliche-damask-rosenblutenblatter","status":"publish","type":"page","link":"https:\/\/vitatips.de\/GE\/naturliche-damask-rosenblutenblatter\/","title":{"rendered":"Nat\u00fcrliche Damask Rosenbl\u00fctenbl\u00e4tter"},"content":{"rendered":"","protected":false},"excerpt":{"rendered":"","protected":false},"author":1,"featured_media":0,"parent":0,"menu_order":0,"comment_status":"closed","ping_status":"closed","template":"","meta":[],"_links":{"self":[{"href":"https:\/\/vitatips.de\/GE\/wp-json\/wp\/v2\/pages\/324"}],"collection":[{"href":"https:\/\/vitatips.de\/GE\/wp-json\/wp\/v2\/pages"}],"about":[{"href":"https:\/\/vitatips.de\/GE\/wp-json\/wp\/v2\/types\/page"}],"author":[{"embeddable":true,"href":"https:\/\/vitatips.de\/GE\/wp-json\/wp\/v2\/users\/1"}],"replies":[{"embeddable":true,"href":"https:\/\/vitatips.de\/GE\/wp-json\/wp\/v2\/comments?post=324"}],"version-history":[{"count":3,"href":"https:\/\/vitatips.de\/GE\/wp-json\/wp\/v2\/pages\/324\/revisions"}],"predecessor-version":[{"id":445,"href":"https:\/\/vitatips.de\/GE\/wp-json\/wp\/v2\/pages\/324\/revisions\/445"}],"wp:attachment":[{"href":"https:\/\/vitatips.de\/GE\/wp-json\/wp\/v2\/media?parent=324"}],"curies":[{"name":"wp","href":"https:\/\/api.w.org\/{rel}","templated":true}]}}